{"id":2515,"date":"2024-09-21T11:33:15","date_gmt":"2024-09-21T14:33:15","guid":{"rendered":"https:\/\/clientes.somatecnologia.com\/orygen\/quienes-somos\/"},"modified":"2024-11-14T15:51:05","modified_gmt":"2024-11-14T18:51:05","slug":"quienes-somos","status":"publish","type":"page","link":"https:\/\/orygen.com.br\/es\/quienes-somos\/","title":{"rendered":"qui\u00e9nes somos"},"content":{"rendered":"\t\t<div data-elementor-type=\"wp-page\" data-elementor-id=\"2515\" class=\"elementor elementor-2515 elementor-54\" data-elementor-post-type=\"page\">\n\t\t\t\t<div class=\"elementor-element elementor-element-b69e23f e-flex e-con-boxed elementor-invisible e-con e-parent\" data-id=\"b69e23f\" data-element_type=\"container\" id=\"historia\" data-settings=\"{&quot;background_background&quot;:&quot;classic&quot;,&quot;jet_parallax_layout_list&quot;:[],&quot;animation&quot;:&quot;fadeIn&quot;}\">\n\t\t\t\t\t<div class=\"e-con-inner\">\n\t\t\t\t<div class=\"elementor-element elementor-element-cc8f787 elementor-invisible elementor-widget elementor-widget-heading\" data-id=\"cc8f787\" data-element_type=\"widget\" data-settings=\"{&quot;_animation&quot;:&quot;fadeInLeft&quot;,&quot;_animation_delay&quot;:500}\" data-widget_type=\"heading.default\">\n\t\t\t\t<div class=\"elementor-widget-container\">\n\t\t\t\t\t<h2 class=\"elementor-heading-title elementor-size-default\">Orygen<\/h2>\t\t\t\t<\/div>\n\t\t\t\t<\/div>\n\t\t\t\t<div class=\"elementor-element elementor-element-5c1e164 elementor-widget__width-initial elementor-invisible elementor-widget elementor-widget-text-editor\" data-id=\"5c1e164\" data-element_type=\"widget\" data-settings=\"{&quot;_animation&quot;:&quot;fadeInLeft&quot;,&quot;_animation_delay&quot;:800}\" data-widget_type=\"text-editor.default\">\n\t\t\t\t<div class=\"elementor-widget-container\">\n\t\t\t\t\t\t\t\t\t<p><span style=\"font-weight: 400;\">Orygen es una empresa de investigaci\u00f3n y desarrollo en biotecnolog\u00eda, actualmente enfocada en productos farmac\u00e9uticos para uso humano y veterinario.<\/span><\/p>\n\t\t\t\t\t\t\t\t<\/div>\n\t\t\t\t<\/div>\n\t\t\t\t\t<\/div>\n\t\t\t\t<\/div>\n\t\t<div class=\"elementor-element elementor-element-56742f9 e-flex e-con-boxed e-con e-parent\" data-id=\"56742f9\" data-element_type=\"container\" data-settings=\"{&quot;jet_parallax_layout_list&quot;:[],&quot;background_background&quot;:&quot;classic&quot;}\">\n\t\t\t\t\t<div class=\"e-con-inner\">\n\t\t\t\t<div class=\"elementor-element elementor-element-ccf3dbd elementor-widget__width-initial elementor-invisible elementor-widget elementor-widget-text-editor\" data-id=\"ccf3dbd\" data-element_type=\"widget\" data-settings=\"{&quot;_animation&quot;:&quot;fadeInUp&quot;}\" data-widget_type=\"text-editor.default\">\n\t\t\t\t<div class=\"elementor-widget-container\">\n\t\t\t\t\t\t\t\t\t<p><span style=\"font-weight: 400;\">Desde su creaci\u00f3n, en 2012, el trabajo de Orygen ha sido resultado de la uni\u00f3n de esfuerzos de profesionales experimentados de la empresa junto con el apoyo de dos de las principales empresas farmac\u00e9uticas brasile\u00f1as: Biolab y Eurofarma. M\u00e1s que nuestros accionistas, ambos participan en la gesti\u00f3n y desarrollo de cada proyecto. Aunque operamos de forma independiente, contamos con la estructura de vanguardia de ambas empresas en materia de patentes, asuntos regulatorios y fabricaci\u00f3n.<\/span><\/p>\n\t\t\t\t\t\t\t\t<\/div>\n\t\t\t\t<\/div>\n\t\t\t\t\t<\/div>\n\t\t\t\t<\/div>\n\t\t<div class=\"elementor-element elementor-element-d4381b2 e-flex e-con-boxed e-con e-parent\" data-id=\"d4381b2\" data-element_type=\"container\" data-settings=\"{&quot;background_background&quot;:&quot;classic&quot;,&quot;jet_parallax_layout_list&quot;:[]}\">\n\t\t\t\t\t<div class=\"e-con-inner\">\n\t\t<div class=\"elementor-element elementor-element-dddc611 e-con-full e-flex e-con e-child\" data-id=\"dddc611\" data-element_type=\"container\" data-settings=\"{&quot;jet_parallax_layout_list&quot;:[]}\">\n\t\t\t\t<div class=\"elementor-element elementor-element-7bed1c3 elementor-widget__width-initial elementor-invisible elementor-widget elementor-widget-heading\" data-id=\"7bed1c3\" data-element_type=\"widget\" data-settings=\"{&quot;_animation&quot;:&quot;fadeInLeft&quot;}\" data-widget_type=\"heading.default\">\n\t\t\t\t<div class=\"elementor-widget-container\">\n\t\t\t\t\t<h2 class=\"elementor-heading-title elementor-size-default\">Desde Brasil al mundo<\/h2>\t\t\t\t<\/div>\n\t\t\t\t<\/div>\n\t\t\t\t<\/div>\n\t\t<div class=\"elementor-element elementor-element-ed92dd6 e-con-full e-flex e-con e-child\" data-id=\"ed92dd6\" data-element_type=\"container\" data-settings=\"{&quot;jet_parallax_layout_list&quot;:[]}\">\n\t\t\t\t<div class=\"elementor-element elementor-element-3dfb17a elementor-widget__width-initial elementor-invisible elementor-widget elementor-widget-text-editor\" data-id=\"3dfb17a\" data-element_type=\"widget\" data-settings=\"{&quot;_animation&quot;:&quot;fadeInRight&quot;}\" data-widget_type=\"text-editor.default\">\n\t\t\t\t<div class=\"elementor-widget-container\">\n\t\t\t\t\t\t\t\t\t<p><span style=\"font-weight: 400;\">Tenemos capacidad de exportar a 22 pa\u00edses de Am\u00e9rica Latina.<\/span><\/p>\n\t\t\t\t\t\t\t\t<\/div>\n\t\t\t\t<\/div>\n\t\t<div class=\"elementor-element elementor-element-25989ef e-con-full e-flex elementor-invisible e-con e-child\" data-id=\"25989ef\" data-element_type=\"container\" data-settings=\"{&quot;jet_parallax_layout_list&quot;:[],&quot;animation&quot;:&quot;fadeIn&quot;,&quot;animation_delay&quot;:1000}\">\n\t\t\t\t<div class=\"elementor-element elementor-element-5434ac1 elementor-widget__width-auto elementor-widget elementor-widget-image\" data-id=\"5434ac1\" data-element_type=\"widget\" data-widget_type=\"image.default\">\n\t\t\t\t<div class=\"elementor-widget-container\">\n\t\t\t\t\t\t\t\t\t\t\t\t\t\t\t\t<a href=\"https:\/\/eurofarma.com\/\" target=\"_blank\">\n\t\t\t\t\t\t\t<img decoding=\"async\" width=\"275\" height=\"73\" src=\"https:\/\/orygen.com.br\/wp-content\/uploads\/2024\/09\/Logo_eurofarma_t.png\" class=\"attachment-medium size-medium wp-image-213\" alt=\"\" \/>\t\t\t\t\t\t\t\t<\/a>\n\t\t\t\t\t\t\t\t\t\t\t\t\t\t\t<\/div>\n\t\t\t\t<\/div>\n\t\t\t\t<div class=\"elementor-element elementor-element-ec49673 elementor-widget__width-initial elementor-widget elementor-widget-text-editor\" data-id=\"ec49673\" data-element_type=\"widget\" data-widget_type=\"text-editor.default\">\n\t\t\t\t<div class=\"elementor-widget-container\">\n\t\t\t\t\t\t\t\t\t<p>+<\/p>\n\t\t\t\t\t\t\t\t<\/div>\n\t\t\t\t<\/div>\n\t\t\t\t<div class=\"elementor-element elementor-element-08a2b76 elementor-widget__width-auto elementor-widget elementor-widget-image\" data-id=\"08a2b76\" data-element_type=\"widget\" data-widget_type=\"image.default\">\n\t\t\t\t<div class=\"elementor-widget-container\">\n\t\t\t\t\t\t\t\t\t\t\t\t\t\t\t\t<a href=\"https:\/\/www.biolabfarma.com.br\/\" target=\"_blank\">\n\t\t\t\t\t\t\t<img decoding=\"async\" width=\"171\" height=\"82\" src=\"https:\/\/orygen.com.br\/wp-content\/uploads\/2024\/09\/Logo_Novo_Biolab_Farma_preferencial-Baixa.png\" class=\"attachment-medium size-medium wp-image-217\" alt=\"\" \/>\t\t\t\t\t\t\t\t<\/a>\n\t\t\t\t\t\t\t\t\t\t\t\t\t\t\t<\/div>\n\t\t\t\t<\/div>\n\t\t\t\t<\/div>\n\t\t\t\t<\/div>\n\t\t\t\t\t<\/div>\n\t\t\t\t<\/div>\n\t\t<div class=\"elementor-element elementor-element-e6e2cc4 e-flex e-con-boxed e-con e-parent\" data-id=\"e6e2cc4\" data-element_type=\"container\" id=\"direcao\" data-settings=\"{&quot;background_background&quot;:&quot;classic&quot;,&quot;jet_parallax_layout_list&quot;:[]}\">\n\t\t\t\t\t<div class=\"e-con-inner\">\n\t\t\t\t<div class=\"elementor-element elementor-element-7f0ac02 elementor-invisible elementor-widget elementor-widget-heading\" data-id=\"7f0ac02\" data-element_type=\"widget\" data-settings=\"{&quot;_animation&quot;:&quot;fadeInLeft&quot;}\" data-widget_type=\"heading.default\">\n\t\t\t\t<div class=\"elementor-widget-container\">\n\t\t\t\t\t<h2 class=\"elementor-heading-title elementor-size-default\">Direcci\u00f3n<\/h2>\t\t\t\t<\/div>\n\t\t\t\t<\/div>\n\t\t\t\t\t<\/div>\n\t\t\t\t<\/div>\n\t\t<div class=\"elementor-element elementor-element-01194d1 e-flex e-con-boxed e-con e-parent\" data-id=\"01194d1\" data-element_type=\"container\" data-settings=\"{&quot;background_background&quot;:&quot;classic&quot;,&quot;jet_parallax_layout_list&quot;:[]}\">\n\t\t\t\t\t<div class=\"e-con-inner\">\n\t\t\t\t<div class=\"elementor-element elementor-element-d2edbd3 elementor-widget__width-initial elementor-invisible elementor-widget elementor-widget-text-editor\" data-id=\"d2edbd3\" data-element_type=\"widget\" data-settings=\"{&quot;_animation&quot;:&quot;fadeInDown&quot;}\" data-widget_type=\"text-editor.default\">\n\t\t\t\t<div class=\"elementor-widget-container\">\n\t\t\t\t\t\t\t\t\t<p>Conocimiento que hace la diferencia<\/p>\n\t\t\t\t\t\t\t\t<\/div>\n\t\t\t\t<\/div>\n\t\t\t\t<div class=\"elementor-element elementor-element-a3cef01 elementor-widget__width-initial elementor-invisible elementor-widget elementor-widget-text-editor\" data-id=\"a3cef01\" data-element_type=\"widget\" data-settings=\"{&quot;_animation&quot;:&quot;fadeInUp&quot;}\" data-widget_type=\"text-editor.default\">\n\t\t\t\t<div class=\"elementor-widget-container\">\n\t\t\t\t\t\t\t\t\t<p><span style=\"font-weight: 400;\">En la direcci\u00f3n de nuestra empresa, contamos con profesionales que mantienen nuestra excelencia, posibilitan una fuerte interacci\u00f3n con el mundo acad\u00e9mico brasile\u00f1o. Conozca un poco m\u00e1s sobre cada profesional.<\/span><\/p>\n\t\t\t\t\t\t\t\t<\/div>\n\t\t\t\t<\/div>\n\t\t\t\t\t<\/div>\n\t\t\t\t<\/div>\n\t\t<div class=\"elementor-element elementor-element-4b057fd detalhes e-flex e-con-boxed e-con e-parent\" data-id=\"4b057fd\" data-element_type=\"container\" data-settings=\"{&quot;background_background&quot;:&quot;classic&quot;,&quot;jet_parallax_layout_list&quot;:[]}\">\n\t\t\t\t\t<div class=\"e-con-inner\">\n\t\t<div class=\"elementor-element elementor-element-1f9a3a0 e-con-full e-flex e-con e-child\" data-id=\"1f9a3a0\" data-element_type=\"container\" data-settings=\"{&quot;jet_parallax_layout_list&quot;:[],&quot;background_background&quot;:&quot;classic&quot;}\">\n\t\t\t\t<div class=\"elementor-element elementor-element-1acd428 elementor-position-left elementor-vertical-align-middle elementor-widget__width-initial elementor-position-left elementor-vertical-align-middle elementor-invisible elementor-widget elementor-widget-image-box\" data-id=\"1acd428\" data-element_type=\"widget\" data-settings=\"{&quot;_animation&quot;:&quot;fadeIn&quot;}\" data-widget_type=\"image-box.default\">\n\t\t\t\t<div class=\"elementor-widget-container\">\n\t\t\t\t\t<div class=\"elementor-image-box-wrapper\"><figure class=\"elementor-image-box-img\"><img fetchpriority=\"high\" decoding=\"async\" width=\"272\" height=\"268\" src=\"https:\/\/orygen.com.br\/wp-content\/uploads\/2024\/09\/Group-24.png\" class=\"attachment-full size-full wp-image-419\" alt=\"\" \/><\/figure><div class=\"elementor-image-box-content\"><h3 class=\"elementor-image-box-title\">Dr. Andrew Simpson<\/h3><p class=\"elementor-image-box-description\"><strong>Director Cient\u00edfico<\/strong><br>Uno de los cient\u00edficos m\u00e1s importantes presentes en Brasil, con m\u00e1s de cuatro d\u00e9cadas liderando proyectos de investigaci\u00f3n de gran escala, combinados con m\u00e1s de 20 a\u00f1os de experiencia en gesti\u00f3n cient\u00edfica administrativa a nivel internacional. Responsable de la gesti\u00f3n del Proyecto Genoma entre 1995 y 2003, trabaj\u00f3 en el Instituto Ludwig para la Investigaci\u00f3n del C\u00e1ncer de Nueva York (World Institute) en diversos puestos, incluso como Director Cient\u00edfico, hasta regresar a Brasil, por invitaci\u00f3n de Orygen, para liderar sus actividades en 2012. <\/p><\/div><\/div>\t\t\t\t<\/div>\n\t\t\t\t<\/div>\n\t\t<div class=\"elementor-element elementor-element-ce9b645 e-con-full box e-flex e-con e-child\" data-id=\"ce9b645\" data-element_type=\"container\" data-settings=\"{&quot;background_background&quot;:&quot;classic&quot;,&quot;jet_parallax_layout_list&quot;:[]}\">\n\t\t\t\t<div class=\"elementor-element elementor-element-b67110c elementor-position-left elementor-vertical-align-middle elementor-widget__width-initial elementor-position-left elementor-vertical-align-middle elementor-invisible elementor-widget elementor-widget-image-box\" data-id=\"b67110c\" data-element_type=\"widget\" data-settings=\"{&quot;_animation&quot;:&quot;fadeIn&quot;}\" data-widget_type=\"image-box.default\">\n\t\t\t\t<div class=\"elementor-widget-container\">\n\t\t\t\t\t<div class=\"elementor-image-box-wrapper\"><figure class=\"elementor-image-box-img\"><img loading=\"lazy\" decoding=\"async\" width=\"272\" height=\"268\" src=\"https:\/\/orygen.com.br\/wp-content\/uploads\/2024\/09\/Group-24-1.png\" class=\"attachment-full size-full wp-image-420\" alt=\"\" \/><\/figure><div class=\"elementor-image-box-content\"><h3 class=\"elementor-image-box-title\">Dra. Otavia Caballero<\/h3><p class=\"elementor-image-box-description\"><strong>Gerente de Investigaci\u00f3n &amp; Desarrollo<\/strong><br>Con m\u00e1s de 15 a\u00f1os de experiencia como investigadora cient\u00edfica, trabaj\u00f3 en Ludwig Cancer Research entre 2000 y 2014, en Estados Unidos. Desde 2015 est\u00e1 a cargo de la gesti\u00f3n del \u00e1rea de Investigaci\u00f3n y Desarrollo.<\/p><\/div><\/div>\t\t\t\t<\/div>\n\t\t\t\t<\/div>\n\t\t\t\t<\/div>\n\t\t<div class=\"elementor-element elementor-element-904fd1b e-con-full box e-flex e-con e-child\" data-id=\"904fd1b\" data-element_type=\"container\" data-settings=\"{&quot;background_background&quot;:&quot;classic&quot;,&quot;jet_parallax_layout_list&quot;:[]}\">\n\t\t\t\t<div class=\"elementor-element elementor-element-af427a7 elementor-position-left elementor-vertical-align-middle elementor-widget__width-initial elementor-position-left elementor-vertical-align-middle elementor-invisible elementor-widget elementor-widget-image-box\" data-id=\"af427a7\" data-element_type=\"widget\" data-settings=\"{&quot;_animation&quot;:&quot;fadeIn&quot;}\" data-widget_type=\"image-box.default\">\n\t\t\t\t<div class=\"elementor-widget-container\">\n\t\t\t\t\t<div class=\"elementor-image-box-wrapper\"><figure class=\"elementor-image-box-img\"><img loading=\"lazy\" decoding=\"async\" width=\"272\" height=\"268\" src=\"https:\/\/orygen.com.br\/wp-content\/uploads\/2024\/09\/Group-24-2.png\" class=\"attachment-full size-full wp-image-421\" alt=\"\" \/><\/figure><div class=\"elementor-image-box-content\"><h3 class=\"elementor-image-box-title\">Luis Augusto Monteiro<\/h3><p class=\"elementor-image-box-description\"><strong>Director de Planificaci\u00f3n Financiera<\/strong><br><br>M\u00e1s de 40 a\u00f1os de experiencia en la gesti\u00f3n financiera y econ\u00f3mica de grandes empresas y en el desarrollo de proyectos de viabilidad econ\u00f3mica con instituciones financieras y BNDES.<\/p><\/div><\/div>\t\t\t\t<\/div>\n\t\t\t\t<\/div>\n\t\t\t\t<\/div>\n\t\t\t\t<\/div>\n\t\t\t\t\t<\/div>\n\t\t\t\t<\/div>\n\t\t<div class=\"elementor-element elementor-element-45bd3e9 e-flex e-con-boxed e-con e-parent\" data-id=\"45bd3e9\" data-element_type=\"container\" id=\"missao-visao-valores\" data-settings=\"{&quot;background_background&quot;:&quot;classic&quot;,&quot;jet_parallax_layout_list&quot;:[]}\">\n\t\t\t\t\t<div class=\"e-con-inner\">\n\t\t\t\t<div class=\"elementor-element elementor-element-2efc1b7 elementor-widget__width-initial elementor-invisible elementor-widget elementor-widget-heading\" data-id=\"2efc1b7\" data-element_type=\"widget\" data-settings=\"{&quot;_animation&quot;:&quot;fadeInLeft&quot;}\" data-widget_type=\"heading.default\">\n\t\t\t\t<div class=\"elementor-widget-container\">\n\t\t\t\t\t<h2 class=\"elementor-heading-title elementor-size-default\">Misi\u00f3n, Visi\u00f3n y Valores<\/h2>\t\t\t\t<\/div>\n\t\t\t\t<\/div>\n\t\t\t\t\t<\/div>\n\t\t\t\t<\/div>\n\t\t<div class=\"elementor-element elementor-element-1fe2748 e-flex e-con-boxed e-con e-parent\" data-id=\"1fe2748\" data-element_type=\"container\" data-settings=\"{&quot;background_background&quot;:&quot;classic&quot;,&quot;jet_parallax_layout_list&quot;:[]}\">\n\t\t\t\t\t<div class=\"e-con-inner\">\n\t\t<div class=\"elementor-element elementor-element-f30c277 e-con-full e-flex e-con e-child\" data-id=\"f30c277\" data-element_type=\"container\" data-settings=\"{&quot;jet_parallax_layout_list&quot;:[]}\">\n\t\t\t\t<div class=\"elementor-element elementor-element-9b96e59 elementor-widget__width-initial elementor-invisible elementor-widget elementor-widget-heading\" data-id=\"9b96e59\" data-element_type=\"widget\" data-settings=\"{&quot;_animation&quot;:&quot;fadeInLeft&quot;}\" data-widget_type=\"heading.default\">\n\t\t\t\t<div class=\"elementor-widget-container\">\n\t\t\t\t\t<h2 class=\"elementor-heading-title elementor-size-default\">Misi\u00f3n<\/h2>\t\t\t\t<\/div>\n\t\t\t\t<\/div>\n\t\t\t\t<\/div>\n\t\t<div class=\"elementor-element elementor-element-dcdee76 e-flex e-con-boxed e-con e-child\" data-id=\"dcdee76\" data-element_type=\"container\" data-settings=\"{&quot;jet_parallax_layout_list&quot;:[],&quot;background_background&quot;:&quot;classic&quot;}\">\n\t\t\t\t\t<div class=\"e-con-inner\">\n\t\t\t\t<div class=\"elementor-element elementor-element-0f1fbe9 elementor-widget__width-initial elementor-invisible elementor-widget elementor-widget-text-editor\" data-id=\"0f1fbe9\" data-element_type=\"widget\" data-settings=\"{&quot;_animation&quot;:&quot;fadeInRight&quot;}\" data-widget_type=\"text-editor.default\">\n\t\t\t\t<div class=\"elementor-widget-container\">\n\t\t\t\t\t\t\t\t\t<p><span style=\"font-weight: 400;\">Nuestro compromiso es el resultado de una estrecha colaboraci\u00f3n con nuestras socias, lo que nos permite optimizar recursos y conocimientos para aumentar significativamente nuestro potencial de impacto.<\/span><\/p>\n<p><span style=\"font-weight: 400;\">En Orygen creemos que la colaboraci\u00f3n, la innovaci\u00f3n y la dedicaci\u00f3n a la excelencia son los pilares que impulsan nuestro progreso. Estamos comprometidos a seguir liderando el camino en la b\u00fasqueda de soluciones que mejoren la salud y el bienestar global.<\/span><\/p>\n\t\t\t\t\t\t\t\t<\/div>\n\t\t\t\t<\/div>\n\t\t\t\t\t<\/div>\n\t\t\t\t<\/div>\n\t\t\t\t\t<\/div>\n\t\t\t\t<\/div>\n\t\t<div class=\"elementor-element elementor-element-ea8ecda e-flex e-con-boxed e-con e-parent\" data-id=\"ea8ecda\" data-element_type=\"container\" data-settings=\"{&quot;jet_parallax_layout_list&quot;:[],&quot;background_background&quot;:&quot;classic&quot;}\">\n\t\t\t\t\t<div class=\"e-con-inner\">\n\t\t<div class=\"elementor-element elementor-element-04376aa e-con-full e-flex e-con e-child\" data-id=\"04376aa\" data-element_type=\"container\" data-settings=\"{&quot;jet_parallax_layout_list&quot;:[]}\">\n\t\t\t\t<div class=\"elementor-element elementor-element-9541414 elementor-widget__width-initial elementor-invisible elementor-widget elementor-widget-heading\" data-id=\"9541414\" data-element_type=\"widget\" data-settings=\"{&quot;_animation&quot;:&quot;fadeInRight&quot;}\" data-widget_type=\"heading.default\">\n\t\t\t\t<div class=\"elementor-widget-container\">\n\t\t\t\t\t<h2 class=\"elementor-heading-title elementor-size-default\">Visi\u00f3n<\/h2>\t\t\t\t<\/div>\n\t\t\t\t<\/div>\n\t\t\t\t<div class=\"elementor-element elementor-element-de4efa9 elementor-widget__width-initial elementor-invisible elementor-widget elementor-widget-text-editor\" data-id=\"de4efa9\" data-element_type=\"widget\" data-settings=\"{&quot;_animation&quot;:&quot;fadeInLeft&quot;}\" data-widget_type=\"text-editor.default\">\n\t\t\t\t<div class=\"elementor-widget-container\">\n\t\t\t\t\t\t\t\t\t<p><span style=\"font-weight: 400;\">Ser referencia nacional e internacional en la producci\u00f3n de productos biofarmac\u00e9uticos que tengan excelencia tecnol\u00f3gica y cient\u00edfica, contribuyendo al desarrollo y crecimiento econ\u00f3mico brasile\u00f1o, adem\u00e1s de mejorar la calidad de vida de los pacientes.<\/span><\/p>\n\t\t\t\t\t\t\t\t<\/div>\n\t\t\t\t<\/div>\n\t\t\t\t<\/div>\n\t\t\t\t\t<\/div>\n\t\t\t\t<\/div>\n\t\t<div class=\"elementor-element elementor-element-b333fb1 e-flex e-con-boxed e-con e-parent\" data-id=\"b333fb1\" data-element_type=\"container\" data-settings=\"{&quot;background_background&quot;:&quot;classic&quot;,&quot;jet_parallax_layout_list&quot;:[]}\">\n\t\t\t\t\t<div class=\"e-con-inner\">\n\t\t<div class=\"elementor-element elementor-element-57d8cea e-con-full e-flex e-con e-child\" data-id=\"57d8cea\" data-element_type=\"container\" data-settings=\"{&quot;jet_parallax_layout_list&quot;:[]}\">\n\t\t\t\t<div class=\"elementor-element elementor-element-e53b509 elementor-widget__width-initial elementor-invisible elementor-widget elementor-widget-heading\" data-id=\"e53b509\" data-element_type=\"widget\" data-settings=\"{&quot;_animation&quot;:&quot;fadeInLeft&quot;}\" data-widget_type=\"heading.default\">\n\t\t\t\t<div class=\"elementor-widget-container\">\n\t\t\t\t\t<h2 class=\"elementor-heading-title elementor-size-default\">Valores<\/h2>\t\t\t\t<\/div>\n\t\t\t\t<\/div>\n\t\t\t\t<\/div>\n\t\t<div class=\"elementor-element elementor-element-2b3353b e-con-full e-flex e-con e-child\" data-id=\"2b3353b\" data-element_type=\"container\" data-settings=\"{&quot;jet_parallax_layout_list&quot;:[]}\">\n\t\t\t\t<div class=\"elementor-element elementor-element-79efc92 elementor-widget__width-initial elementor-invisible elementor-widget elementor-widget-text-editor\" data-id=\"79efc92\" data-element_type=\"widget\" data-settings=\"{&quot;_animation&quot;:&quot;fadeInUp&quot;}\" data-widget_type=\"text-editor.default\">\n\t\t\t\t<div class=\"elementor-widget-container\">\n\t\t\t\t\t\t\t\t\t<ul>\n<li>Promoci\u00f3n de la innovaci\u00f3n<\/li>\n<li>Ampliaci\u00f3n del acceso a los tratamientos<\/li>\n<li>Transparencia<\/li>\n<li>Excelencia en el desarrollo, producci\u00f3n y comercializaci\u00f3n de medicamentos biol\u00f3gicos<\/li>\n<\/ul>\n\t\t\t\t\t\t\t\t<\/div>\n\t\t\t\t<\/div>\n\t\t\t\t<div class=\"elementor-element elementor-element-cc7d09f elementor-widget__width-initial elementor-invisible elementor-widget elementor-widget-text-editor\" data-id=\"cc7d09f\" data-element_type=\"widget\" data-settings=\"{&quot;_animation&quot;:&quot;fadeInUp&quot;,&quot;_animation_delay&quot;:500}\" data-widget_type=\"text-editor.default\">\n\t\t\t\t<div class=\"elementor-widget-container\">\n\t\t\t\t\t\t\t\t\t<ul>\n<li>Desarrollo continuo de los colaboradores<\/li>\n<li>Responsabilidad social y ambiental<\/li>\n<li><span style=\"font-weight: 400;\">\u00c9tica<\/span><\/li>\n<li>Promoci\u00f3n del progreso tecnol\u00f3gico y econ\u00f3mico<\/li>\n<\/ul>\n\t\t\t\t\t\t\t\t<\/div>\n\t\t\t\t<\/div>\n\t\t\t\t<\/div>\n\t\t\t\t\t<\/div>\n\t\t\t\t<\/div>\n\t\t\t\t<\/div>\n\t\t","protected":false},"excerpt":{"rendered":"<p>Orygen Orygen es una empresa de investigaci\u00f3n y desarrollo en biotecnolog\u00eda, actualmente enfocada en productos farmac\u00e9uticos para uso humano y veterinario. Desde su creaci\u00f3n, en 2012, el trabajo de Orygen ha sido resultado de la uni\u00f3n de esfuerzos de profesionales experimentados de la empresa junto con el apoyo de dos de las principales empresas farmac\u00e9uticas [&hellip;]<\/p>\n","protected":false},"author":2,"featured_media":0,"parent":0,"menu_order":0,"comment_status":"closed","ping_status":"closed","template":"elementor_theme","meta":{"footnotes":""},"class_list":["post-2515","page","type-page","status-publish","hentry"],"_links":{"self":[{"href":"https:\/\/orygen.com.br\/es\/wp-json\/wp\/v2\/pages\/2515","targetHints":{"allow":["GET"]}}],"collection":[{"href":"https:\/\/orygen.com.br\/es\/wp-json\/wp\/v2\/pages"}],"about":[{"href":"https:\/\/orygen.com.br\/es\/wp-json\/wp\/v2\/types\/page"}],"author":[{"embeddable":true,"href":"https:\/\/orygen.com.br\/es\/wp-json\/wp\/v2\/users\/2"}],"replies":[{"embeddable":true,"href":"https:\/\/orygen.com.br\/es\/wp-json\/wp\/v2\/comments?post=2515"}],"version-history":[{"count":1,"href":"https:\/\/orygen.com.br\/es\/wp-json\/wp\/v2\/pages\/2515\/revisions"}],"predecessor-version":[{"id":2518,"href":"https:\/\/orygen.com.br\/es\/wp-json\/wp\/v2\/pages\/2515\/revisions\/2518"}],"wp:attachment":[{"href":"https:\/\/orygen.com.br\/es\/wp-json\/wp\/v2\/media?parent=2515"}],"curies":[{"name":"wp","href":"https:\/\/api.w.org\/{rel}","templated":true}]}}