{"id":2531,"date":"2024-09-21T11:34:28","date_gmt":"2024-09-21T14:34:28","guid":{"rendered":"https:\/\/clientes.somatecnologia.com\/orygen\/asociaciones\/"},"modified":"2024-11-25T15:18:01","modified_gmt":"2024-11-25T18:18:01","slug":"asociaciones","status":"publish","type":"page","link":"https:\/\/orygen.com.br\/es\/asociaciones\/","title":{"rendered":"asociaciones"},"content":{"rendered":"\t\t<div data-elementor-type=\"wp-page\" data-elementor-id=\"2531\" class=\"elementor elementor-2531 elementor-72\" data-elementor-post-type=\"page\">\n\t\t\t\t<div class=\"elementor-element elementor-element-ccd8aa1 e-flex e-con-boxed elementor-invisible e-con e-parent\" data-id=\"ccd8aa1\" data-element_type=\"container\" id=\"parcerias\" data-settings=\"{&quot;background_background&quot;:&quot;classic&quot;,&quot;jet_parallax_layout_list&quot;:[],&quot;animation&quot;:&quot;fadeIn&quot;}\">\n\t\t\t\t\t<div class=\"e-con-inner\">\n\t\t\t\t<div class=\"elementor-element elementor-element-1575845 elementor-widget__width-initial elementor-invisible elementor-widget elementor-widget-heading\" data-id=\"1575845\" data-element_type=\"widget\" data-settings=\"{&quot;_animation&quot;:&quot;fadeInLeft&quot;}\" data-widget_type=\"heading.default\">\n\t\t\t\t<div class=\"elementor-widget-container\">\n\t\t\t\t\t<h2 class=\"elementor-heading-title elementor-size-default\">Asociaciones<\/h2>\t\t\t\t<\/div>\n\t\t\t\t<\/div>\n\t\t\t\t\t<\/div>\n\t\t\t\t<\/div>\n\t\t<div class=\"elementor-element elementor-element-80716dc e-flex e-con-boxed e-con e-parent\" data-id=\"80716dc\" data-element_type=\"container\" data-settings=\"{&quot;jet_parallax_layout_list&quot;:[],&quot;background_background&quot;:&quot;classic&quot;}\">\n\t\t\t\t\t<div class=\"e-con-inner\">\n\t\t<div class=\"elementor-element elementor-element-c744dfd e-flex e-con-boxed e-con e-child\" data-id=\"c744dfd\" data-element_type=\"container\" data-settings=\"{&quot;jet_parallax_layout_list&quot;:[]}\">\n\t\t\t\t\t<div class=\"e-con-inner\">\n\t\t\t\t<div class=\"elementor-element elementor-element-bd0b87f elementor-invisible elementor-widget elementor-widget-text-editor\" data-id=\"bd0b87f\" data-element_type=\"widget\" data-settings=\"{&quot;_animation&quot;:&quot;fadeInDown&quot;}\" data-widget_type=\"text-editor.default\">\n\t\t\t\t<div class=\"elementor-widget-container\">\n\t\t\t\t\t\t\t\t\t<p>Transforme el ma\u00f1ana, sea nuestro asociado<\/p>\n\t\t\t\t\t\t\t\t<\/div>\n\t\t\t\t<\/div>\n\t\t\t\t<div class=\"elementor-element elementor-element-719b461 elementor-widget__width-initial elementor-invisible elementor-widget elementor-widget-text-editor\" data-id=\"719b461\" data-element_type=\"widget\" data-settings=\"{&quot;_animation&quot;:&quot;fadeInUp&quot;}\" data-widget_type=\"text-editor.default\">\n\t\t\t\t<div class=\"elementor-widget-container\">\n\t\t\t\t\t\t\t\t\t<p>A lo largo de los a\u00f1os, establecimos alianzas s\u00f3lidas con empresas que buscan impulsar el progreso en inmunoestimulantes y terapias contra el c\u00e1ncer, y con importantes universidades brasile\u00f1as, en el desarrollo de vacunas para enfermedades desatendidas.<\/p>\n\t\t\t\t\t\t\t\t<\/div>\n\t\t\t\t<\/div>\n\t\t\t\t\t<\/div>\n\t\t\t\t<\/div>\n\t\t\t\t\t<\/div>\n\t\t\t\t<\/div>\n\t\t<div class=\"elementor-element elementor-element-c636913 e-flex e-con-boxed e-con e-parent\" data-id=\"c636913\" data-element_type=\"container\" data-settings=\"{&quot;background_background&quot;:&quot;classic&quot;,&quot;jet_parallax_layout_list&quot;:[]}\">\n\t\t\t\t\t<div class=\"e-con-inner\">\n\t\t<div class=\"elementor-element elementor-element-8bd9133 e-con-full e-flex e-con e-child\" data-id=\"8bd9133\" data-element_type=\"container\" data-settings=\"{&quot;background_background&quot;:&quot;classic&quot;,&quot;jet_parallax_layout_list&quot;:[]}\">\n\t\t\t\t<div class=\"elementor-element elementor-element-2cfba6e elementor-widget__width-initial elementor-invisible elementor-widget elementor-widget-text-editor\" data-id=\"2cfba6e\" data-element_type=\"widget\" data-settings=\"{&quot;_animation&quot;:&quot;fadeInDown&quot;}\" data-widget_type=\"text-editor.default\">\n\t\t\t\t<div class=\"elementor-widget-container\">\n\t\t\t\t\t\t\t\t\t<p>Estamos abiertos a establecer nuevas alianzas estrat\u00e9gicas en el \u00e1rea humana y veterinaria con grupos acad\u00e9micos y empresas de biotecnolog\u00eda de Am\u00e9rica Latina, principalmente en la creaci\u00f3n de nuevas vacunas que contengan Hiltonol<sup>\u00ae<\/sup>.<\/p>\t\t\t\t\t\t\t\t<\/div>\n\t\t\t\t<\/div>\n\t\t\t\t<div class=\"elementor-element elementor-element-901c00c elementor-widget__width-initial elementor-invisible elementor-widget elementor-widget-text-editor\" data-id=\"901c00c\" data-element_type=\"widget\" data-settings=\"{&quot;_animation&quot;:&quot;fadeInUp&quot;}\" data-widget_type=\"text-editor.default\">\n\t\t\t\t<div class=\"elementor-widget-container\">\n\t\t\t\t\t\t\t\t\t<p>Contamos con material cl\u00ednico de grado BPF disponible para uso en ensayos cl\u00ednicos y material precl\u00ednico adecuado para exploraci\u00f3n precl\u00ednica y cient\u00edfica.<\/p>\n\t\t\t\t\t\t\t\t<\/div>\n\t\t\t\t<\/div>\n\t\t\t\t<\/div>\n\t\t\t\t\t<\/div>\n\t\t\t\t<\/div>\n\t\t<div class=\"elementor-element elementor-element-63e31b6 e-flex e-con-boxed e-con e-parent\" data-id=\"63e31b6\" data-element_type=\"container\" data-settings=\"{&quot;background_background&quot;:&quot;classic&quot;,&quot;jet_parallax_layout_list&quot;:[]}\">\n\t\t\t\t\t<div class=\"e-con-inner\">\n\t\t<div class=\"elementor-element elementor-element-c3b5a90 e-con-full e-flex e-con e-child\" data-id=\"c3b5a90\" data-element_type=\"container\" data-settings=\"{&quot;jet_parallax_layout_list&quot;:[]}\">\n\t\t\t\t<div class=\"elementor-element elementor-element-6e33c51 elementor-widget__width-initial elementor-invisible elementor-widget elementor-widget-text-editor\" data-id=\"6e33c51\" data-element_type=\"widget\" data-settings=\"{&quot;_animation&quot;:&quot;fadeInLeft&quot;}\" data-widget_type=\"text-editor.default\">\n\t\t\t\t<div class=\"elementor-widget-container\">\n\t\t\t\t\t\t\t\t\t<p>\u00bfInteresado?<\/p>\n\t\t\t\t\t\t\t\t<\/div>\n\t\t\t\t<\/div>\n\t\t\t\t<\/div>\n\t\t<div class=\"elementor-element elementor-element-fd42eab e-con-full e-flex e-con e-child\" data-id=\"fd42eab\" data-element_type=\"container\" data-settings=\"{&quot;jet_parallax_layout_list&quot;:[]}\">\n\t\t\t\t<div class=\"elementor-element elementor-element-2fc6a83 elementor-widget__width-initial elementor-invisible elementor-widget elementor-widget-text-editor\" data-id=\"2fc6a83\" data-element_type=\"widget\" data-settings=\"{&quot;_animation&quot;:&quot;fadeInDown&quot;}\" data-widget_type=\"text-editor.default\">\n\t\t\t\t<div class=\"elementor-widget-container\">\n\t\t\t\t\t\t\t\t\t<p>P\u00f3ngase en contacto por correo electr\u00f3nico <font color=\"91B529\"><a href=\"mailto:contato@orygen.com.br\">contato@orygen.com.br<\/a><\/font> para que podamos explorar y discutir posibles oportunidades de colaboraci\u00f3n<\/p>\n\t\t\t\t\t\t\t\t<\/div>\n\t\t\t\t<\/div>\n\t\t\t\t<div class=\"elementor-element elementor-element-bd53e8d elementor-widget-mobile__width-initial elementor-invisible elementor-widget elementor-widget-button\" data-id=\"bd53e8d\" data-element_type=\"widget\" data-settings=\"{&quot;_animation&quot;:&quot;fadeInUp&quot;}\" data-widget_type=\"button.default\">\n\t\t\t\t<div class=\"elementor-widget-container\">\n\t\t\t\t\t\t\t\t\t<div class=\"elementor-button-wrapper\">\n\t\t\t\t\t<a class=\"elementor-button elementor-button-link elementor-size-sm\" href=\"https:\/\/orygen.com.br\/es\/contacto\/\">\n\t\t\t\t\t\t<span class=\"elementor-button-content-wrapper\">\n\t\t\t\t\t\t\t\t\t<span class=\"elementor-button-text\">P\u00f3ngase en contacto y \u00fanase a nosotros<\/span>\n\t\t\t\t\t<\/span>\n\t\t\t\t\t<\/a>\n\t\t\t\t<\/div>\n\t\t\t\t\t\t\t\t<\/div>\n\t\t\t\t<\/div>\n\t\t\t\t<\/div>\n\t\t\t\t\t<\/div>\n\t\t\t\t<\/div>\n\t\t<div class=\"elementor-element elementor-element-e6fdb2b e-flex e-con-boxed e-con e-parent\" data-id=\"e6fdb2b\" data-element_type=\"container\" id=\"parcerias-de-sucesso\" data-settings=\"{&quot;background_background&quot;:&quot;classic&quot;,&quot;jet_parallax_layout_list&quot;:[]}\">\n\t\t\t\t\t<div class=\"e-con-inner\">\n\t\t\t\t<div class=\"elementor-element elementor-element-c1a01ba elementor-widget__width-initial elementor-invisible elementor-widget elementor-widget-heading\" data-id=\"c1a01ba\" data-element_type=\"widget\" data-settings=\"{&quot;_animation&quot;:&quot;fadeInLeft&quot;}\" data-widget_type=\"heading.default\">\n\t\t\t\t<div class=\"elementor-widget-container\">\n\t\t\t\t\t<h2 class=\"elementor-heading-title elementor-size-default\">Nuestras asociaciones clave<\/h2>\t\t\t\t<\/div>\n\t\t\t\t<\/div>\n\t\t\t\t\t<\/div>\n\t\t\t\t<\/div>\n\t\t<div class=\"elementor-element elementor-element-bd3dc75 elementor-hidden-desktop elementor-hidden-tablet elementor-hidden-mobile e-flex e-con-boxed e-con e-parent\" data-id=\"bd3dc75\" data-element_type=\"container\" data-settings=\"{&quot;jet_parallax_layout_list&quot;:[]}\">\n\t\t\t\t\t<div class=\"e-con-inner\">\n\t\t<div class=\"elementor-element elementor-element-7aa6f93 e-con-full e-flex e-con e-child\" data-id=\"7aa6f93\" data-element_type=\"container\" data-settings=\"{&quot;jet_parallax_layout_list&quot;:[]}\">\n\t\t\t\t<div class=\"elementor-element elementor-element-07d2064 elementor-widget__width-initial elementor-invisible elementor-widget elementor-widget-text-editor\" data-id=\"07d2064\" data-element_type=\"widget\" data-settings=\"{&quot;_animation&quot;:&quot;fadeInDown&quot;}\" data-widget_type=\"text-editor.default\">\n\t\t\t\t<div class=\"elementor-widget-container\">\n\t\t\t\t\t\t\t\t\t<p>Conozca detalles del trabajo que estamos realizando en alianzas muy exitosas.<\/p>\n\t\t\t\t\t\t\t\t<\/div>\n\t\t\t\t<\/div>\n\t\t\t\t<\/div>\n\t\t\t\t\t<\/div>\n\t\t\t\t<\/div>\n\t\t<div class=\"elementor-element elementor-element-4013081 e-flex e-con-boxed e-con e-parent\" data-id=\"4013081\" data-element_type=\"container\" data-settings=\"{&quot;background_background&quot;:&quot;classic&quot;,&quot;jet_parallax_layout_list&quot;:[]}\">\n\t\t\t\t\t<div class=\"e-con-inner\">\n\t\t\t\t<div class=\"elementor-element elementor-element-365ce86 elementor-hidden-tablet elementor-hidden-mobile elementor-invisible elementor-widget elementor-widget-image\" data-id=\"365ce86\" data-element_type=\"widget\" data-settings=\"{&quot;_animation&quot;:&quot;fadeInDown&quot;}\" data-widget_type=\"image.default\">\n\t\t\t\t<div class=\"elementor-widget-container\">\n\t\t\t\t\t\t\t\t\t\t\t\t\t\t\t<img decoding=\"async\" width=\"300\" height=\"87\" src=\"https:\/\/orygen.com.br\/wp-content\/uploads\/2024\/09\/Image-1-300x87.png\" class=\"attachment-medium size-medium wp-image-607\" alt=\"\" srcset=\"https:\/\/orygen.com.br\/wp-content\/uploads\/2024\/09\/Image-1-300x87.png 300w, https:\/\/orygen.com.br\/wp-content\/uploads\/2024\/09\/Image-1.png 363w\" sizes=\"(max-width: 300px) 100vw, 300px\" \/>\t\t\t\t\t\t\t\t\t\t\t\t\t\t\t<\/div>\n\t\t\t\t<\/div>\n\t\t\t\t<div class=\"elementor-element elementor-element-bfcee59 elementor-hidden-desktop elementor-widget elementor-widget-image\" data-id=\"bfcee59\" data-element_type=\"widget\" data-widget_type=\"image.default\">\n\t\t\t\t<div class=\"elementor-widget-container\">\n\t\t\t\t\t\t\t\t\t\t\t\t\t\t\t<img decoding=\"async\" width=\"176\" height=\"51\" src=\"https:\/\/orygen.com.br\/wp-content\/uploads\/2024\/09\/Image-1-1.png\" class=\"attachment-large size-large wp-image-1069\" alt=\"\" \/>\t\t\t\t\t\t\t\t\t\t\t\t\t\t\t<\/div>\n\t\t\t\t<\/div>\n\t\t\t\t<div class=\"elementor-element elementor-element-812eb2f elementor-widget__width-initial elementor-invisible elementor-widget elementor-widget-heading\" data-id=\"812eb2f\" data-element_type=\"widget\" data-settings=\"{&quot;_animation&quot;:&quot;fadeInDown&quot;}\" data-widget_type=\"heading.default\">\n\t\t\t\t<div class=\"elementor-widget-container\">\n\t\t\t\t\t<h2 class=\"elementor-heading-title elementor-size-default\">En 2018, firmamos una alianza internacional con la reconocida empresa biotecnol\u00f3gica estadounidense Oncovir, con el prop\u00f3sito de desarrollar el inmunoestimulante Hiltonol<sup>\u00ae<\/sup>.<\/h2>\t\t\t\t<\/div>\n\t\t\t\t<\/div>\n\t\t\t\t<div class=\"elementor-element elementor-element-d33393e elementor-widget__width-initial elementor-invisible elementor-widget elementor-widget-text-editor\" data-id=\"d33393e\" data-element_type=\"widget\" data-settings=\"{&quot;_animation&quot;:&quot;fadeInUp&quot;}\" data-widget_type=\"text-editor.default\">\n\t\t\t\t<div class=\"elementor-widget-container\">\n\t\t\t\t\t\t\t\t\tNuestra misi\u00f3n es llevar esta innovaci\u00f3n exclusiva a Brasil y otros pa\u00edses latinoamericanos, incluido M\u00e9xico, con derechos exclusivos para su comercializaci\u00f3n, ya sea para uso aislado o para el codesarrollo de nuevas vacunas para aumentar su efectividad. El papel de Orygen es la fabricaci\u00f3n de Hiltonol<sup>\u00ae<\/sup> en colaboraci\u00f3n con Eurofarma.\t\t\t\t\t\t\t\t<\/div>\n\t\t\t\t<\/div>\n\t\t\t\t<div class=\"elementor-element elementor-element-75dadbd elementor-widget-mobile__width-initial elementor-invisible elementor-widget elementor-widget-button\" data-id=\"75dadbd\" data-element_type=\"widget\" data-settings=\"{&quot;_animation&quot;:&quot;fadeInUp&quot;}\" data-widget_type=\"button.default\">\n\t\t\t\t<div class=\"elementor-widget-container\">\n\t\t\t\t\t\t\t\t\t<div class=\"elementor-button-wrapper\">\n\t\t\t\t\t<a class=\"elementor-button elementor-button-link elementor-size-sm\" href=\"https:\/\/www.oncovir.com\/science\" target=\"_blank\">\n\t\t\t\t\t\t<span class=\"elementor-button-content-wrapper\">\n\t\t\t\t\t\t\t\t\t<span class=\"elementor-button-text\">Por favor visite la p\u00e1gina de inicio de Oncovir<\/span>\n\t\t\t\t\t<\/span>\n\t\t\t\t\t<\/a>\n\t\t\t\t<\/div>\n\t\t\t\t\t\t\t\t<\/div>\n\t\t\t\t<\/div>\n\t\t\t\t\t<\/div>\n\t\t\t\t<\/div>\n\t\t<div class=\"elementor-element elementor-element-a47d94a e-flex e-con-boxed e-con e-parent\" data-id=\"a47d94a\" data-element_type=\"container\" data-settings=\"{&quot;background_background&quot;:&quot;classic&quot;,&quot;jet_parallax_layout_list&quot;:[]}\">\n\t\t\t\t\t<div class=\"e-con-inner\">\n\t\t<div class=\"elementor-element elementor-element-e2911f2 e-con-full e-flex e-con e-child\" data-id=\"e2911f2\" data-element_type=\"container\" data-settings=\"{&quot;jet_parallax_layout_list&quot;:[]}\">\n\t\t\t\t<div class=\"elementor-element elementor-element-18f0d0d elementor-invisible elementor-widget elementor-widget-image\" data-id=\"18f0d0d\" data-element_type=\"widget\" data-settings=\"{&quot;_animation&quot;:&quot;fadeInLeft&quot;}\" data-widget_type=\"image.default\">\n\t\t\t\t<div class=\"elementor-widget-container\">\n\t\t\t\t\t\t\t\t\t\t\t\t\t\t\t\t<a href=\"https:\/\/www.ctvacinas.ufmg.br\/\" target=\"_blank\">\n\t\t\t\t\t\t\t<img decoding=\"async\" width=\"300\" height=\"78\" src=\"https:\/\/orygen.com.br\/wp-content\/uploads\/2024\/10\/Image-4.png\" class=\"attachment-large size-large wp-image-1983\" alt=\"\" \/>\t\t\t\t\t\t\t\t<\/a>\n\t\t\t\t\t\t\t\t\t\t\t\t\t\t\t<\/div>\n\t\t\t\t<\/div>\n\t\t\t\t<\/div>\n\t\t<div class=\"elementor-element elementor-element-98ecc32 e-con-full e-flex e-con e-child\" data-id=\"98ecc32\" data-element_type=\"container\" data-settings=\"{&quot;jet_parallax_layout_list&quot;:[]}\">\n\t\t\t\t<div class=\"elementor-element elementor-element-832d806 elementor-invisible elementor-widget elementor-widget-text-editor\" data-id=\"832d806\" data-element_type=\"widget\" data-settings=\"{&quot;_animation&quot;:&quot;fadeInRight&quot;}\" data-widget_type=\"text-editor.default\">\n\t\t\t\t<div class=\"elementor-widget-container\">\n\t\t\t\t\t\t\t\t\tCreado en 2012, CT-Vacinas es un centro de investigaci\u00f3n en biotecnolog\u00eda, fruto de una asociaci\u00f3n entre la Universidad Federal de Minas Gerais (UFMG), el Instituto Ren\u00e9 Rachou de la Fundaci\u00f3n Oswaldo Cruz (Fiocruz-Minas) y el Parque Tecnol\u00f3gico de Belo Horizonte (BH-TEC).\n\nActualmente, el Centro se centra en el desarrollo de nuevas tecnolog\u00edas vinculadas a la producci\u00f3n de kits de diagn\u00f3stico y vacunas contra enfermedades humanas y veterinarias, e incluso ha desempe\u00f1ado un papel clave en la lucha contra el Covid-19 al generar una nueva vacuna y pruebas de diagn\u00f3stico.\n\nOrygen tiene un largo historial de colaboraci\u00f3n con CT-Vacinas, en estudios de colaboraci\u00f3n sobre el uso de Hiltonol<sup>\u00ae<\/sup> en vacunas profil\u00e1cticas y en protocolos terap\u00e9uticos contra enfermedades infecciosas cr\u00f3nicas.\t\t\t\t\t\t\t\t<\/div>\n\t\t\t\t<\/div>\n\t\t\t\t<div class=\"elementor-element elementor-element-1ca78fc elementor-widget-mobile__width-initial elementor-invisible elementor-widget elementor-widget-button\" data-id=\"1ca78fc\" data-element_type=\"widget\" data-settings=\"{&quot;_animation&quot;:&quot;fadeInUp&quot;}\" data-widget_type=\"button.default\">\n\t\t\t\t<div class=\"elementor-widget-container\">\n\t\t\t\t\t\t\t\t\t<div class=\"elementor-button-wrapper\">\n\t\t\t\t\t<a class=\"elementor-button elementor-button-link elementor-size-sm\" href=\"https:\/\/www.ctvacinas.ufmg.br\/\" target=\"_blank\">\n\t\t\t\t\t\t<span class=\"elementor-button-content-wrapper\">\n\t\t\t\t\t\t\t\t\t<span class=\"elementor-button-text\">Por favor visite la p\u00e1gina de inicio de CT Vacinas<\/span>\n\t\t\t\t\t<\/span>\n\t\t\t\t\t<\/a>\n\t\t\t\t<\/div>\n\t\t\t\t\t\t\t\t<\/div>\n\t\t\t\t<\/div>\n\t\t\t\t<\/div>\n\t\t\t\t\t<\/div>\n\t\t\t\t<\/div>\n\t\t<div class=\"elementor-element elementor-element-eedc4ed elementor-hidden-desktop elementor-hidden-tablet elementor-hidden-mobile e-flex e-con-boxed e-con e-parent\" data-id=\"eedc4ed\" data-element_type=\"container\" data-settings=\"{&quot;background_background&quot;:&quot;classic&quot;,&quot;jet_parallax_layout_list&quot;:[]}\">\n\t\t\t\t\t<div class=\"e-con-inner\">\n\t\t<div class=\"elementor-element elementor-element-91b5121 e-con-full e-flex e-con e-child\" data-id=\"91b5121\" data-element_type=\"container\" data-settings=\"{&quot;jet_parallax_layout_list&quot;:[]}\">\n\t\t\t\t<div class=\"elementor-element elementor-element-ed82e72 elementor-widget__width-initial elementor-invisible elementor-widget elementor-widget-heading\" data-id=\"ed82e72\" data-element_type=\"widget\" data-settings=\"{&quot;_animation&quot;:&quot;fadeInLeft&quot;}\" data-widget_type=\"heading.default\">\n\t\t\t\t<div class=\"elementor-widget-container\">\n\t\t\t\t\t<h2 class=\"elementor-heading-title elementor-size-default\">Universidades<\/h2>\t\t\t\t<\/div>\n\t\t\t\t<\/div>\n\t\t\t\t<\/div>\n\t\t<div class=\"elementor-element elementor-element-6b37bc2 e-con-full e-flex e-con e-child\" data-id=\"6b37bc2\" data-element_type=\"container\" data-settings=\"{&quot;jet_parallax_layout_list&quot;:[]}\">\n\t\t\t\t<div class=\"elementor-element elementor-element-b2668e6 elementor-invisible elementor-widget elementor-widget-text-editor\" data-id=\"b2668e6\" data-element_type=\"widget\" data-settings=\"{&quot;_animation&quot;:&quot;fadeInRight&quot;}\" data-widget_type=\"text-editor.default\">\n\t\t\t\t<div class=\"elementor-widget-container\">\n\t\t\t\t\t\t\t\t\tEstamos colaborando com cientistas renomados da USP, UFMG, UFOP e UFRJ no desenvolvimento de vacinas revolucion\u00e1rias. Da Covid-19 \u00e0 leishmaniose, mal\u00e1ria e a doen\u00e7a de Chagas, aplicarmos os benef\u00edcios do Hiltonol<sup>\u00ae<\/sup> em diversas \u00e1reas de sa\u00fade p\u00fablica e animal.\n\nEm 2023, adquirimos os direitos de manufatura do Hiltonol<sup>\u00ae<\/sup> no Brasil em colabora\u00e7\u00e3o com a Eurofarma para a montagem do processo de manufatura do imunoestimulante.\nEstamos ansiosos para o futuro, onde planejamos ensaios cl\u00ednicos em humanos para vacinas vitais contra a Doen\u00e7a de Chagas e leishmaniose, al\u00e9m de discutir poss\u00edveis ensaios cl\u00ednicos para o tratamento do c\u00e2ncer de pr\u00f3stata com o Hiltonol<sup>\u00ae<\/sup>.\t\t\t\t\t\t\t\t<\/div>\n\t\t\t\t<\/div>\n\t\t\t\t<\/div>\n\t\t\t\t\t<\/div>\n\t\t\t\t<\/div>\n\t\t\t\t<\/div>\n\t\t","protected":false},"excerpt":{"rendered":"<p>Asociaciones Transforme el ma\u00f1ana, sea nuestro asociado A lo largo de los a\u00f1os, establecimos alianzas s\u00f3lidas con empresas que buscan impulsar el progreso en inmunoestimulantes y terapias contra el c\u00e1ncer, y con importantes universidades brasile\u00f1as, en el desarrollo de vacunas para enfermedades desatendidas. Estamos abiertos a establecer nuevas alianzas estrat\u00e9gicas en el \u00e1rea humana y [&hellip;]<\/p>\n","protected":false},"author":2,"featured_media":0,"parent":0,"menu_order":0,"comment_status":"closed","ping_status":"closed","template":"","meta":{"footnotes":""},"class_list":["post-2531","page","type-page","status-publish","hentry"],"_links":{"self":[{"href":"https:\/\/orygen.com.br\/es\/wp-json\/wp\/v2\/pages\/2531","targetHints":{"allow":["GET"]}}],"collection":[{"href":"https:\/\/orygen.com.br\/es\/wp-json\/wp\/v2\/pages"}],"about":[{"href":"https:\/\/orygen.com.br\/es\/wp-json\/wp\/v2\/types\/page"}],"author":[{"embeddable":true,"href":"https:\/\/orygen.com.br\/es\/wp-json\/wp\/v2\/users\/2"}],"replies":[{"embeddable":true,"href":"https:\/\/orygen.com.br\/es\/wp-json\/wp\/v2\/comments?post=2531"}],"version-history":[{"count":25,"href":"https:\/\/orygen.com.br\/es\/wp-json\/wp\/v2\/pages\/2531\/revisions"}],"predecessor-version":[{"id":2946,"href":"https:\/\/orygen.com.br\/es\/wp-json\/wp\/v2\/pages\/2531\/revisions\/2946"}],"wp:attachment":[{"href":"https:\/\/orygen.com.br\/es\/wp-json\/wp\/v2\/media?parent=2531"}],"curies":[{"name":"wp","href":"https:\/\/api.w.org\/{rel}","templated":true}]}}